{"id":2,"date":"2023-08-24T00:09:43","date_gmt":"2023-08-23T22:09:43","guid":{"rendered":"https:\/\/www.biowaste.sk\/?page_id=2"},"modified":"2024-01-14T14:39:43","modified_gmt":"2024-01-14T13:39:43","slug":"2-2","status":"publish","type":"page","link":"https:\/\/www.biowaste.sk\/","title":{"rendered":""},"content":{"rendered":"\n<div class=\"wp-block-columns is-layout-flex wp-container-5 wp-block-columns-is-layout-flex\">\n<div class=\"wp-block-column is-layout-flow wp-block-column-is-layout-flow\">\n<h3 class=\"wp-block-heading\"><a href=\"https:\/\/emojipedia.org\/fly\">\ud83e\udeb0<\/a> <mark style=\"background-color:rgba(0, 0, 0, 0)\" class=\"has-inline-color has-black-color\"><strong>NETR\u00c1P SA T\u00ddM <\/strong><\/mark><\/h3>\n\n\n\n<div style=\"height:10px\" aria-hidden=\"true\" class=\"wp-block-spacer\"><\/div>\n\n\n\n<figure class=\"wp-block-image size-full is-style-default wp-duotone-unset-1\"><img decoding=\"async\" loading=\"lazy\" width=\"795\" height=\"795\" src=\"https:\/\/www.biowaste.sk\/wp-content\/uploads\/2023\/08\/795.jpg\" alt=\"\" class=\"wp-image-51\" srcset=\"https:\/\/www.biowaste.sk\/wp-content\/uploads\/2023\/08\/795.jpg 795w, https:\/\/www.biowaste.sk\/wp-content\/uploads\/2023\/08\/795-300x300.jpg 300w, https:\/\/www.biowaste.sk\/wp-content\/uploads\/2023\/08\/795-150x150.jpg 150w, https:\/\/www.biowaste.sk\/wp-content\/uploads\/2023\/08\/795-768x768.jpg 768w\" sizes=\"(max-width: 795px) 100vw, 795px\" \/><\/figure>\n\n\n\n<p><\/p>\n\n\n\n<p class=\"has-medium-font-size\">Ak kuchynsk\u00fd odpad obsahuje \u0165a\u017e\u0161ie separovate\u013en\u00e9 anorganick\u00e9 zlo\u017eky m\u00f4\u017ee bez ob\u00e1v skon\u010di\u0165 v na\u0161ej n\u00e1dobe. Plast, sklo, alebo kov, ktor\u00e9 obsahuje odfiltruje <strong>triediaci mlyn<\/strong>.<\/p>\n\n\n\n<p class=\"has-medium-font-size\">Separuj pohodlne a efekt\u00edvne. Do zbernej n\u00e1doby m\u00f4\u017ee\u0161 vhodi\u0165 odpad zaviazan\u00fd <strong>v igelitovom vrecku<\/strong>, ktor\u00e9 pom\u00f4\u017ee zabr\u00e1ni\u0165 premno\u017eeniu hmyzu a nepr\u00edjemn\u00e9mu z\u00e1pachu. <\/p>\n\n\n\n<p class=\"has-medium-font-size\"><strong>Ak sa chce\u0161 kuchynsk\u00e9ho odpadu zbavova\u0165 pohodlne,<\/strong> <strong>informuj sa u n\u00e1s, alebo u svojej obce \u010di mesta.<\/strong><\/p>\n<\/div>\n\n\n\n<div class=\"wp-block-column is-layout-flow wp-block-column-is-layout-flow\">\n<h3 class=\"wp-block-heading\"><a href=\"https:\/\/emojipedia.org\/fire\/\">\ud83d\udd25<\/a> <strong>PRE\u010cO TRIEDI\u0164<\/strong><\/h3>\n\n\n\n<div style=\"height:10px\" aria-hidden=\"true\" class=\"wp-block-spacer\"><\/div>\n\n\n\n<figure class=\"wp-block-image size-full is-style-default\"><img decoding=\"async\" loading=\"lazy\" width=\"795\" height=\"795\" src=\"https:\/\/www.biowaste.sk\/wp-content\/uploads\/2023\/08\/metan.jpg\" alt=\"\" class=\"wp-image-53\" srcset=\"https:\/\/www.biowaste.sk\/wp-content\/uploads\/2023\/08\/metan.jpg 795w, https:\/\/www.biowaste.sk\/wp-content\/uploads\/2023\/08\/metan-300x300.jpg 300w, https:\/\/www.biowaste.sk\/wp-content\/uploads\/2023\/08\/metan-150x150.jpg 150w, https:\/\/www.biowaste.sk\/wp-content\/uploads\/2023\/08\/metan-768x768.jpg 768w\" sizes=\"(max-width: 795px) 100vw, 795px\" \/><\/figure>\n\n\n\n<p><\/p>\n\n\n\n<p class=\"has-medium-font-size\">Neseparovan\u00fd organick\u00fd odpad z komun\u00e1lu, skon\u010d\u00ed na skl\u00e1dke, kde pomaly hnije a produkuje met\u00e1n. Ten unik\u00e1 do ovzdu\u0161ia a zvy\u0161uje objem <strong>sklen\u00edkov\u00fdch plynov<\/strong>, ktor\u00e9 sp\u00f4sobuj\u00fa glob\u00e1lne oteplovanie.<\/p>\n\n\n\n<p class=\"has-medium-font-size\">Z vyseparovan\u00e9ho kuchynsk\u00e9ho odpadu je pripraven\u00e1 fermenta\u010dn\u00e1 ka\u0161a a kontrolovane unikaj\u00faci plyn sa premie\u0148a na<strong> energiu<\/strong>. Ke\u010f tento proces skon\u010d\u00ed, je mo\u017en\u00e9 ju \u010falej pou\u017ei\u0165 ako pr\u00edrodn\u00e9 <strong>hnojivo<\/strong>.<\/p>\n<\/div>\n\n\n\n<div class=\"wp-block-column is-layout-flow wp-block-column-is-layout-flow\">\n<h3 class=\"wp-block-heading\"><a href=\"https:\/\/emojipedia.org\/cooking\">\ud83c\udf73<\/a> <strong>\u010cO S OLEJOM?<\/strong><\/h3>\n\n\n\n<div style=\"height:10px\" aria-hidden=\"true\" class=\"wp-block-spacer\"><\/div>\n\n\n\n<figure class=\"wp-block-image size-full is-style-default\"><img decoding=\"async\" loading=\"lazy\" width=\"795\" height=\"795\" src=\"https:\/\/www.biowaste.sk\/wp-content\/uploads\/2023\/08\/olej-1.jpg\" alt=\"\" class=\"wp-image-66\" srcset=\"https:\/\/www.biowaste.sk\/wp-content\/uploads\/2023\/08\/olej-1.jpg 795w, https:\/\/www.biowaste.sk\/wp-content\/uploads\/2023\/08\/olej-1-300x300.jpg 300w, https:\/\/www.biowaste.sk\/wp-content\/uploads\/2023\/08\/olej-1-150x150.jpg 150w, https:\/\/www.biowaste.sk\/wp-content\/uploads\/2023\/08\/olej-1-768x768.jpg 768w\" sizes=\"(max-width: 795px) 100vw, 795px\" \/><\/figure>\n\n\n\n<p><\/p>\n\n\n\n<p class=\"has-medium-font-size\">Pou\u017eit\u00fd kuchynsk\u00fd olej je s\u00e1m o sebe bohat\u00fd na zlo\u017eky, ktor\u00e9 je mo\u017en\u00e9 premeni\u0165 na energiu bez premeny na met\u00e1n. Preto ho<strong> vykupujeme<\/strong> a sprac\u00favame samostatne.<br><br><strong>Za 3 litre<\/strong> pou\u017eit\u00e9ho oleja pon\u00fakame<strong> jeden liter <\/strong>\u010derstv\u00e9ho rafinovan\u00e9ho slne\u010dnicov\u00e9ho alebo repkov\u00e9ho oleja. Olej tie\u017e vykupujeme za peniaze. Aktu\u00e1lnu cenu poskytneme na vy\u017eiadanie.<\/p>\n<\/div>\n<\/div>\n","protected":false},"excerpt":{"rendered":"<p>\ud83e\udeb0 NETR\u00c1P SA T\u00ddM Ak kuchynsk\u00fd odpad obsahuje \u0165a\u017e\u0161ie separovate\u013en\u00e9 anorganick\u00e9 zlo\u017eky m\u00f4\u017ee bez ob\u00e1v skon\u010di\u0165 v na\u0161ej n\u00e1dobe. Plast, sklo, alebo kov, ktor\u00e9 obsahuje odfiltruje triediaci mlyn. Separuj pohodlne a efekt\u00edvne. Do zbernej n\u00e1doby m\u00f4\u017ee\u0161 vhodi\u0165 odpad zaviazan\u00fd v igelitovom vrecku, ktor\u00e9 pom\u00f4\u017ee zabr\u00e1ni\u0165 premno\u017eeniu hmyzu a nepr\u00edjemn\u00e9mu z\u00e1pachu. Ak sa chce\u0161 kuchynsk\u00e9ho odpadu [&hellip;]<\/p>\n","protected":false},"author":1,"featured_media":0,"parent":0,"menu_order":0,"comment_status":"closed","ping_status":"open","template":"template-fullwidth.php","meta":{"_monsterinsights_skip_tracking":false,"_monsterinsights_sitenote_active":false,"_monsterinsights_sitenote_note":"","_monsterinsights_sitenote_category":0,"footnotes":""},"yoast_head":"<!-- This site is optimized with the Yoast SEO plugin v21.0 - https:\/\/yoast.com\/wordpress\/plugins\/seo\/ -->\n<title>BIOWASTE - Zber a spracovanie kuchynsk\u00fdch odpadov<\/title>\n<meta name=\"robots\" content=\"index, follow, max-snippet:-1, max-image-preview:large, max-video-preview:-1\" \/>\n<link rel=\"canonical\" href=\"https:\/\/www.biowaste.sk\/\" \/>\n<meta property=\"og:locale\" content=\"sk_SK\" \/>\n<meta property=\"og:type\" content=\"article\" \/>\n<meta property=\"og:title\" content=\"BIOWASTE.SK\" \/>\n<meta property=\"og:description\" content=\"Zber a spracovanie kuchynsk\u00fdch odpadov\" \/>\n<meta property=\"og:url\" content=\"https:\/\/www.biowaste.sk\/\" \/>\n<meta property=\"og:site_name\" content=\"biowaste.sk\" \/>\n<meta property=\"article:modified_time\" content=\"2024-01-14T13:39:43+00:00\" \/>\n<meta property=\"og:image\" content=\"https:\/\/www.biowaste.sk\/wp-content\/uploads\/2023\/09\/be.png\" \/>\n\t<meta property=\"og:image:width\" content=\"64\" \/>\n\t<meta property=\"og:image:height\" content=\"64\" \/>\n\t<meta property=\"og:image:type\" content=\"image\/png\" \/>\n<meta name=\"twitter:card\" content=\"summary_large_image\" \/>\n<meta name=\"twitter:label1\" content=\"Predpokladan\u00fd \u010das \u010d\u00edtania\" \/>\n\t<meta name=\"twitter:data1\" content=\"2 min\u00faty\" \/>\n<script type=\"application\/ld+json\" class=\"yoast-schema-graph\">{\"@context\":\"https:\/\/schema.org\",\"@graph\":[{\"@type\":\"WebPage\",\"@id\":\"https:\/\/www.biowaste.sk\/\",\"url\":\"https:\/\/www.biowaste.sk\/\",\"name\":\"BIOWASTE - Zber a spracovanie kuchynsk\u00fdch odpadov\",\"isPartOf\":{\"@id\":\"https:\/\/www.biowaste.sk\/#website\"},\"datePublished\":\"2023-08-23T22:09:43+00:00\",\"dateModified\":\"2024-01-14T13:39:43+00:00\",\"inLanguage\":\"sk-SK\",\"potentialAction\":[{\"@type\":\"ReadAction\",\"target\":[\"https:\/\/www.biowaste.sk\/\"]}]},{\"@type\":\"WebSite\",\"@id\":\"https:\/\/www.biowaste.sk\/#website\",\"url\":\"https:\/\/www.biowaste.sk\/\",\"name\":\"BIOWASTE\",\"description\":\"Zber a spracovanie kuchynsk\u00fdcj odpadov\",\"potentialAction\":[{\"@type\":\"SearchAction\",\"target\":{\"@type\":\"EntryPoint\",\"urlTemplate\":\"https:\/\/www.biowaste.sk\/?s={search_term_string}\"},\"query-input\":\"required name=search_term_string\"}],\"inLanguage\":\"sk-SK\"}]}<\/script>\n<!-- \/ Yoast SEO plugin. -->","yoast_head_json":{"title":"BIOWASTE - Zber a spracovanie kuchynsk\u00fdch odpadov","robots":{"index":"index","follow":"follow","max-snippet":"max-snippet:-1","max-image-preview":"max-image-preview:large","max-video-preview":"max-video-preview:-1"},"canonical":"https:\/\/www.biowaste.sk\/","og_locale":"sk_SK","og_type":"article","og_title":"BIOWASTE.SK","og_description":"Zber a spracovanie kuchynsk\u00fdch odpadov","og_url":"https:\/\/www.biowaste.sk\/","og_site_name":"biowaste.sk","article_modified_time":"2024-01-14T13:39:43+00:00","og_image":[{"width":64,"height":64,"url":"https:\/\/www.biowaste.sk\/wp-content\/uploads\/2023\/09\/be.png","type":"image\/png"}],"twitter_card":"summary_large_image","twitter_misc":{"Predpokladan\u00fd \u010das \u010d\u00edtania":"2 min\u00faty"},"schema":{"@context":"https:\/\/schema.org","@graph":[{"@type":"WebPage","@id":"https:\/\/www.biowaste.sk\/","url":"https:\/\/www.biowaste.sk\/","name":"BIOWASTE - Zber a spracovanie kuchynsk\u00fdch odpadov","isPartOf":{"@id":"https:\/\/www.biowaste.sk\/#website"},"datePublished":"2023-08-23T22:09:43+00:00","dateModified":"2024-01-14T13:39:43+00:00","inLanguage":"sk-SK","potentialAction":[{"@type":"ReadAction","target":["https:\/\/www.biowaste.sk\/"]}]},{"@type":"WebSite","@id":"https:\/\/www.biowaste.sk\/#website","url":"https:\/\/www.biowaste.sk\/","name":"BIOWASTE","description":"Zber a spracovanie kuchynsk\u00fdcj odpadov","potentialAction":[{"@type":"SearchAction","target":{"@type":"EntryPoint","urlTemplate":"https:\/\/www.biowaste.sk\/?s={search_term_string}"},"query-input":"required name=search_term_string"}],"inLanguage":"sk-SK"}]}},"_links":{"self":[{"href":"https:\/\/www.biowaste.sk\/index.php?rest_route=\/wp\/v2\/pages\/2"}],"collection":[{"href":"https:\/\/www.biowaste.sk\/index.php?rest_route=\/wp\/v2\/pages"}],"about":[{"href":"https:\/\/www.biowaste.sk\/index.php?rest_route=\/wp\/v2\/types\/page"}],"author":[{"embeddable":true,"href":"https:\/\/www.biowaste.sk\/index.php?rest_route=\/wp\/v2\/users\/1"}],"replies":[{"embeddable":true,"href":"https:\/\/www.biowaste.sk\/index.php?rest_route=%2Fwp%2Fv2%2Fcomments&post=2"}],"version-history":[{"count":6,"href":"https:\/\/www.biowaste.sk\/index.php?rest_route=\/wp\/v2\/pages\/2\/revisions"}],"predecessor-version":[{"id":101,"href":"https:\/\/www.biowaste.sk\/index.php?rest_route=\/wp\/v2\/pages\/2\/revisions\/101"}],"wp:attachment":[{"href":"https:\/\/www.biowaste.sk\/index.php?rest_route=%2Fwp%2Fv2%2Fmedia&parent=2"}],"curies":[{"name":"wp","href":"https:\/\/api.w.org\/{rel}","templated":true}]}}